{"id":1182,"date":"2025-05-04T13:39:18","date_gmt":"2025-05-04T11:39:18","guid":{"rendered":"https:\/\/mozartcarclassics.com\/home\/?page_id=1182"},"modified":"2025-10-07T19:24:18","modified_gmt":"2025-10-07T17:24:18","slug":"home-new","status":"publish","type":"page","link":"https:\/\/mozartcarclassics.com\/home\/","title":{"rendered":"Home New"},"content":{"rendered":"\t\t<div data-elementor-type=\"wp-page\" data-elementor-id=\"1182\" class=\"elementor elementor-1182\" data-elementor-post-type=\"page\">\n\t\t\t\t\t\t<section class=\"elementor-section elementor-top-section elementor-element elementor-element-2ee0964 elementor-section-height-min-height elementor-section-boxed elementor-section-height-default elementor-section-items-middle\" data-id=\"2ee0964\" data-element_type=\"section\" data-settings=\"{&quot;background_background&quot;:&quot;classic&quot;}\">\n\t\t\t\t\t\t<div class=\"elementor-container elementor-column-gap-default\">\n\t\t\t\t\t<div class=\"elementor-column elementor-col-50 elementor-top-column elementor-element elementor-element-81ef425\" data-id=\"81ef425\" data-element_type=\"column\">\n\t\t\t<div class=\"elementor-widget-wrap elementor-element-populated\">\n\t\t\t\t\t\t<div class=\"elementor-element elementor-element-3d3396d elementor-widget elementor-widget-heading\" data-id=\"3d3396d\" data-element_type=\"widget\" data-widget_type=\"heading.default\">\n\t\t\t\t<div class=\"elementor-widget-container\">\n\t\t\t\t\t<h2 class=\"elementor-heading-title elementor-size-default\">\ud83e\uddca Neu: Die Trockeneis-Revolution f\u00fcr alle.<\/h2>\t\t\t\t<\/div>\n\t\t\t\t<\/div>\n\t\t\t\t<div class=\"elementor-element elementor-element-f9d9c82 elementor-widget elementor-widget-text-editor\" data-id=\"f9d9c82\" data-element_type=\"widget\" data-widget_type=\"text-editor.default\">\n\t\t\t\t<div class=\"elementor-widget-container\">\n\t\t\t\t\t\t\t\t\t<p>Unser bew\u00e4hrtes Trockeneis-Know-how jetzt als 1000 \u20ac Trockeneis-Paket \u2013 <br \/>das Puristen-Paket f\u00fcr Preisbewusste. Unterboden reinigen, dokumentieren, Zustand verstehen.<br \/>Klarheit statt \u00dcberraschung \u2013 schnell, transparent, professionell.<\/p>\t\t\t\t\t\t\t\t<\/div>\n\t\t\t\t<\/div>\n\t\t\t\t<div class=\"elementor-element elementor-element-efe8d79 elementor-widget elementor-widget-button\" data-id=\"efe8d79\" data-element_type=\"widget\" data-widget_type=\"button.default\">\n\t\t\t\t<div class=\"elementor-widget-container\">\n\t\t\t\t\t\t\t\t\t<div class=\"elementor-button-wrapper\">\n\t\t\t\t\t<a class=\"elementor-button elementor-button-link elementor-size-sm\" href=\"https:\/\/mozartcarclassics.com\/home\/produkt\/1000-e-trockeneis%E2%80%91paket\/\">\n\t\t\t\t\t\t<span class=\"elementor-button-content-wrapper\">\n\t\t\t\t\t\t\t\t\t<span class=\"elementor-button-text\">Mehr erfahren \u2192<\/span>\n\t\t\t\t\t<\/span>\n\t\t\t\t\t<\/a>\n\t\t\t\t<\/div>\n\t\t\t\t\t\t\t\t<\/div>\n\t\t\t\t<\/div>\n\t\t\t\t\t<\/div>\n\t\t<\/div>\n\t\t\t\t<div class=\"elementor-column elementor-col-50 elementor-top-column elementor-element elementor-element-728db67\" data-id=\"728db67\" data-element_type=\"column\">\n\t\t\t<div class=\"elementor-widget-wrap elementor-element-populated\">\n\t\t\t\t\t\t<div class=\"elementor-element elementor-element-4213741 elementor-widget__width-initial elementor-widget elementor-widget-image\" data-id=\"4213741\" data-element_type=\"widget\" data-widget_type=\"image.default\">\n\t\t\t\t<div class=\"elementor-widget-container\">\n\t\t\t\t\t\t\t\t\t\t\t\t\t\t\t<img fetchpriority=\"high\" decoding=\"async\" width=\"854\" height=\"1280\" src=\"https:\/\/mozartcarclassics.com\/wp-content\/uploads\/2025\/10\/trockeneis-nebel-mozartcarclassics.jpg\" class=\"attachment-full size-full wp-image-1647\" alt=\"Trockeneisnebel in blauer Box w\u00e4hrend der Unterbodenreinigung \u2013 Mozart Car Classics Werkstatt.\" srcset=\"https:\/\/mozartcarclassics.com\/wp-content\/uploads\/2025\/10\/trockeneis-nebel-mozartcarclassics.jpg 854w, https:\/\/mozartcarclassics.com\/wp-content\/uploads\/2025\/10\/trockeneis-nebel-mozartcarclassics-200x300.jpg 200w, https:\/\/mozartcarclassics.com\/wp-content\/uploads\/2025\/10\/trockeneis-nebel-mozartcarclassics-683x1024.jpg 683w, https:\/\/mozartcarclassics.com\/wp-content\/uploads\/2025\/10\/trockeneis-nebel-mozartcarclassics-768x1151.jpg 768w, https:\/\/mozartcarclassics.com\/wp-content\/uploads\/2025\/10\/trockeneis-nebel-mozartcarclassics-590x884.jpg 590w\" sizes=\"(max-width: 854px) 100vw, 854px\" \/>\t\t\t\t\t\t\t\t\t\t\t\t\t\t\t<\/div>\n\t\t\t\t<\/div>\n\t\t\t\t\t<\/div>\n\t\t<\/div>\n\t\t\t\t\t<\/div>\n\t\t<\/section>\n\t\t\t\t<section class=\"elementor-section elementor-top-section elementor-element elementor-element-5177729 elementor-section-boxed elementor-section-height-default elementor-section-height-default\" data-id=\"5177729\" data-element_type=\"section\">\n\t\t\t\t\t\t<div class=\"elementor-container elementor-column-gap-default\">\n\t\t\t\t\t<div class=\"elementor-column elementor-col-100 elementor-top-column elementor-element elementor-element-956d8ef\" data-id=\"956d8ef\" data-element_type=\"column\">\n\t\t\t<div class=\"elementor-widget-wrap elementor-element-populated\">\n\t\t\t\t\t\t<div class=\"elementor-element elementor-element-6b778e6 elementor-widget elementor-widget-text-editor\" data-id=\"6b778e6\" data-element_type=\"widget\" data-widget_type=\"text-editor.default\">\n\t\t\t\t<div class=\"elementor-widget-container\">\n\t\t\t\t\t\t\t\t\t<h3 class=\"p1\"><b>Mozart Car Classics &#8211; im Wandel, aber schon heute f\u00fcr Sie da<\/b><b><\/b><\/h3><p class=\"p3\">Wir bauen unsere Online-Pr\u00e4senz derzeit Schritt f\u00fcr Schritt aus. In den kommenden Wochen werden Sie hier viele neue Inhalte, Videos und Einblicke finden.<\/p><p class=\"p3\">Schon jetzt k\u00f6nnen Sie:<\/p><ul><li><p class=\"p1\">unsere aktuellen Dienstleistungen und Restaurationsangebote entdecken<\/p><\/li><li><p class=\"p1\">im Shop bestellen oder direkt unser 1000\u20ac Trockeneis-Paket buchen<\/p><\/li><li><p class=\"p1\">Kontakt aufnehmen und Projekte mit uns planen<\/p><\/li><\/ul><p class=\"p3\">Wir danken Ihnen f\u00fcr Ihr Interesse und freuen uns, dass Sie den Weg zu uns gefunden haben.<\/p><p><em>Mozart Car Classics &#8211; Pr\u00e4zision, Leidenschaft, Verantwortung.<\/em><\/p><hr \/>\t\t\t\t\t\t\t\t<\/div>\n\t\t\t\t<\/div>\n\t\t\t\t\t<\/div>\n\t\t<\/div>\n\t\t\t\t\t<\/div>\n\t\t<\/section>\n\t\t\t\t<section class=\"elementor-section elementor-top-section elementor-element elementor-element-bbd6103 elementor-section-boxed elementor-section-height-default elementor-section-height-default\" data-id=\"bbd6103\" data-element_type=\"section\">\n\t\t\t\t\t\t<div class=\"elementor-container elementor-column-gap-default\">\n\t\t\t\t\t<div class=\"elementor-column elementor-col-100 elementor-top-column elementor-element elementor-element-52a415b\" data-id=\"52a415b\" data-element_type=\"column\">\n\t\t\t<div class=\"elementor-widget-wrap elementor-element-populated\">\n\t\t\t\t\t\t<div class=\"elementor-element elementor-element-792b6d8 elementor-widget elementor-widget-toggle\" data-id=\"792b6d8\" data-element_type=\"widget\" data-widget_type=\"toggle.default\">\n\t\t\t\t<div class=\"elementor-widget-container\">\n\t\t\t\t\t\t\t<div class=\"elementor-toggle\">\n\t\t\t\t\t\t\t<div class=\"elementor-toggle-item\">\n\t\t\t\t\t<div id=\"elementor-tab-title-1271\" class=\"elementor-tab-title\" data-tab=\"1\" role=\"button\" aria-controls=\"elementor-tab-content-1271\" aria-expanded=\"false\">\n\t\t\t\t\t\t\t\t\t\t\t\t<span class=\"elementor-toggle-icon elementor-toggle-icon-left\" aria-hidden=\"true\">\n\t\t\t\t\t\t\t\t\t\t\t\t\t\t\t<span class=\"elementor-toggle-icon-closed\"><i class=\"fas fa-caret-right\"><\/i><\/span>\n\t\t\t\t\t\t\t\t<span class=\"elementor-toggle-icon-opened\"><i class=\"elementor-toggle-icon-opened fas fa-caret-up\"><\/i><\/span>\n\t\t\t\t\t\t\t\t\t\t\t\t\t<\/span>\n\t\t\t\t\t\t\t\t\t\t\t\t<a class=\"elementor-toggle-title\" tabindex=\"0\">\u2b50 Exklusivit\u00e4t trifft Zug\u00e4nglichkeit<\/a>\n\t\t\t\t\t<\/div>\n\n\t\t\t\t\t<div id=\"elementor-tab-content-1271\" class=\"elementor-tab-content elementor-clearfix\" data-tab=\"1\" role=\"region\" aria-labelledby=\"elementor-tab-title-1271\"><p class=\"p1\">Unsere Kernkompetenz ist High-End-Restauration. Mit dem <span class=\"s1\"><b>1000 \u20ac Trockeneis-Paket<\/b><\/span> \u00f6ffnen wir diese Qualit\u00e4t auch f\u00fcr preisbewusste Enthusiasten \u2013 pr\u00e4zise, schnell, transparent.<\/p><\/div>\n\t\t\t\t<\/div>\n\t\t\t\t\t\t\t<div class=\"elementor-toggle-item\">\n\t\t\t\t\t<div id=\"elementor-tab-title-1272\" class=\"elementor-tab-title\" data-tab=\"2\" role=\"button\" aria-controls=\"elementor-tab-content-1272\" aria-expanded=\"false\">\n\t\t\t\t\t\t\t\t\t\t\t\t<span class=\"elementor-toggle-icon elementor-toggle-icon-left\" aria-hidden=\"true\">\n\t\t\t\t\t\t\t\t\t\t\t\t\t\t\t<span class=\"elementor-toggle-icon-closed\"><i class=\"fas fa-caret-right\"><\/i><\/span>\n\t\t\t\t\t\t\t\t<span class=\"elementor-toggle-icon-opened\"><i class=\"elementor-toggle-icon-opened fas fa-caret-up\"><\/i><\/span>\n\t\t\t\t\t\t\t\t\t\t\t\t\t<\/span>\n\t\t\t\t\t\t\t\t\t\t\t\t<a class=\"elementor-toggle-title\" tabindex=\"0\">\ud83d\udd27 Mercedes-Fokus<\/a>\n\t\t\t\t\t<\/div>\n\n\t\t\t\t\t<div id=\"elementor-tab-content-1272\" class=\"elementor-tab-content elementor-clearfix\" data-tab=\"2\" role=\"region\" aria-labelledby=\"elementor-tab-title-1272\"><p>Mercedes-Klassiker ab 1960 bis zu den Youngtimern der 90er &#8211; handwerklich perfekt, technisch sauber, dokumentiert.<\/p><\/div>\n\t\t\t\t<\/div>\n\t\t\t\t\t\t\t<div class=\"elementor-toggle-item\">\n\t\t\t\t\t<div id=\"elementor-tab-title-1273\" class=\"elementor-tab-title\" data-tab=\"3\" role=\"button\" aria-controls=\"elementor-tab-content-1273\" aria-expanded=\"false\">\n\t\t\t\t\t\t\t\t\t\t\t\t<span class=\"elementor-toggle-icon elementor-toggle-icon-left\" aria-hidden=\"true\">\n\t\t\t\t\t\t\t\t\t\t\t\t\t\t\t<span class=\"elementor-toggle-icon-closed\"><i class=\"fas fa-caret-right\"><\/i><\/span>\n\t\t\t\t\t\t\t\t<span class=\"elementor-toggle-icon-opened\"><i class=\"elementor-toggle-icon-opened fas fa-caret-up\"><\/i><\/span>\n\t\t\t\t\t\t\t\t\t\t\t\t\t<\/span>\n\t\t\t\t\t\t\t\t\t\t\t\t<a class=\"elementor-toggle-title\" tabindex=\"0\">\ud83d\udcf8 Transparenz, Dokumentation, Entertainment<\/a>\n\t\t\t\t\t<\/div>\n\n\t\t\t\t\t<div id=\"elementor-tab-content-1273\" class=\"elementor-tab-content elementor-clearfix\" data-tab=\"3\" role=\"region\" aria-labelledby=\"elementor-tab-title-1273\"><p class=\"p1\">Foto- und Videodokumentation, klare Meilensteine, ehrliche Bewertung. So wissen Sie genau, was sinnvoll ist \u2013 und was nicht.<br \/>Es macht immer Spa\u00df, die Fortschritte zu sein, auch durch unsere spannenden Projekte auf YouTube, TikTok, Facebook und Instagram<\/p><\/div>\n\t\t\t\t<\/div>\n\t\t\t\t\t\t\t<div class=\"elementor-toggle-item\">\n\t\t\t\t\t<div id=\"elementor-tab-title-1274\" class=\"elementor-tab-title\" data-tab=\"4\" role=\"button\" aria-controls=\"elementor-tab-content-1274\" aria-expanded=\"false\">\n\t\t\t\t\t\t\t\t\t\t\t\t<span class=\"elementor-toggle-icon elementor-toggle-icon-left\" aria-hidden=\"true\">\n\t\t\t\t\t\t\t\t\t\t\t\t\t\t\t<span class=\"elementor-toggle-icon-closed\"><i class=\"fas fa-caret-right\"><\/i><\/span>\n\t\t\t\t\t\t\t\t<span class=\"elementor-toggle-icon-opened\"><i class=\"elementor-toggle-icon-opened fas fa-caret-up\"><\/i><\/span>\n\t\t\t\t\t\t\t\t\t\t\t\t\t<\/span>\n\t\t\t\t\t\t\t\t\t\t\t\t<a class=\"elementor-toggle-title\" tabindex=\"0\">\ud83e\udd1d Pers\u00f6nliche Betreuung<\/a>\n\t\t\t\t\t<\/div>\n\n\t\t\t\t\t<div id=\"elementor-tab-content-1274\" class=\"elementor-tab-content elementor-clearfix\" data-tab=\"4\" role=\"region\" aria-labelledby=\"elementor-tab-title-1274\"><p class=\"p1\">F\u00fcr Ihr Projekt ist <span class=\"s1\"><b>Marc &#8220;Mozart&#8221; Gernert<\/b><\/span> pers\u00f6nlich ansprechbar \u2013 telefonisch, per WhatsApp oder beim Termin vor Ort.<\/p><\/div>\n\t\t\t\t<\/div>\n\t\t\t\t\t\t\t\t<\/div>\n\t\t\t\t\t\t<\/div>\n\t\t\t\t<\/div>\n\t\t\t\t\t<\/div>\n\t\t<\/div>\n\t\t\t\t\t<\/div>\n\t\t<\/section>\n\t\t\t\t<section class=\"elementor-section elementor-top-section elementor-element elementor-element-69ca48f elementor-section-boxed elementor-section-height-default elementor-section-height-default\" data-id=\"69ca48f\" data-element_type=\"section\">\n\t\t\t\t\t\t<div class=\"elementor-container elementor-column-gap-default\">\n\t\t\t\t\t<div class=\"elementor-column elementor-col-100 elementor-top-column elementor-element elementor-element-7936d7b\" data-id=\"7936d7b\" data-element_type=\"column\">\n\t\t\t<div class=\"elementor-widget-wrap elementor-element-populated\">\n\t\t\t\t\t\t<div class=\"elementor-element elementor-element-443a336 elementor-widget elementor-widget-heading\" data-id=\"443a336\" data-element_type=\"widget\" data-widget_type=\"heading.default\">\n\t\t\t\t<div class=\"elementor-widget-container\">\n\t\t\t\t\t<h2 class=\"elementor-heading-title elementor-size-default\">Wir machen sichtbar, was andere \u00fcbersehen.<\/h2>\t\t\t\t<\/div>\n\t\t\t\t<\/div>\n\t\t\t\t<div class=\"elementor-element elementor-element-4f924de elementor-widget elementor-widget-text-editor\" data-id=\"4f924de\" data-element_type=\"widget\" data-widget_type=\"text-editor.default\">\n\t\t\t\t<div class=\"elementor-widget-container\">\n\t\t\t\t\t\t\t\t\t<p>Sauber, dokumentiert, nachvollziehbar.<br \/>Unterbodenpflege zum Festpreis &#8211; einfach, schnell, professionell.<\/p>\t\t\t\t\t\t\t\t<\/div>\n\t\t\t\t<\/div>\n\t\t\t\t<div class=\"elementor-element elementor-element-2c15437 elementor-widget elementor-widget-button\" data-id=\"2c15437\" data-element_type=\"widget\" data-widget_type=\"button.default\">\n\t\t\t\t<div class=\"elementor-widget-container\">\n\t\t\t\t\t\t\t\t\t<div class=\"elementor-button-wrapper\">\n\t\t\t\t\t<a class=\"elementor-button elementor-button-link elementor-size-sm\" href=\"https:\/\/mozartcarclassics.com\/home\/produkt\/1000-e-trockeneis%E2%80%91paket\/\">\n\t\t\t\t\t\t<span class=\"elementor-button-content-wrapper\">\n\t\t\t\t\t\t\t\t\t<span class=\"elementor-button-text\">Zum 1000 \u20ac Trockeneis-Paket \u2192<\/span>\n\t\t\t\t\t<\/span>\n\t\t\t\t\t<\/a>\n\t\t\t\t<\/div>\n\t\t\t\t\t\t\t\t<\/div>\n\t\t\t\t<\/div>\n\t\t\t\t\t<\/div>\n\t\t<\/div>\n\t\t\t\t\t<\/div>\n\t\t<\/section>\n\t\t\t\t<\/div>\n\t\t","protected":false},"excerpt":{"rendered":"<p>\ud83e\uddca Neu: Die Trockeneis-Revolution f\u00fcr alle. Unser bew\u00e4hrtes Trockeneis-Know-how jetzt als 1000 \u20ac Trockeneis-Paket \u2013 das Puristen-Paket f\u00fcr Preisbewusste. Unterboden reinigen, dokumentieren, Zustand verstehen.Klarheit statt \u00dcberraschung \u2013 schnell, transparent, professionell. Mehr erfahren \u2192 Mozart Car Classics &#8211; im Wandel, aber schon heute f\u00fcr Sie da Wir bauen unsere Online-Pr\u00e4senz derzeit Schritt f\u00fcr Schritt aus. In&hellip;<\/p>\n","protected":false},"author":1,"featured_media":0,"parent":0,"menu_order":0,"comment_status":"closed","ping_status":"closed","template":"","meta":{"_acf_changed":false,"footnotes":""},"class_list":["post-1182","page","type-page","status-publish","hentry"],"acf":[],"yoast_head":"<!-- This site is optimized with the Yoast SEO plugin v27.4 - https:\/\/yoast.com\/product\/yoast-seo-wordpress\/ -->\n<title>Home New - Mozart Car Classics<\/title>\n<meta name=\"robots\" content=\"index, follow, max-snippet:-1, max-image-preview:large, max-video-preview:-1\" \/>\n<link rel=\"canonical\" href=\"https:\/\/mozartcarclassics.com\/home\/\" \/>\n<meta property=\"og:locale\" content=\"de_DE\" \/>\n<meta property=\"og:type\" content=\"article\" \/>\n<meta property=\"og:title\" content=\"Home New - Mozart Car Classics\" \/>\n<meta property=\"og:description\" content=\"\ud83e\uddca Neu: Die Trockeneis-Revolution f\u00fcr alle. Unser bew\u00e4hrtes Trockeneis-Know-how jetzt als 1000 \u20ac Trockeneis-Paket \u2013 das Puristen-Paket f\u00fcr Preisbewusste. Unterboden reinigen, dokumentieren, Zustand verstehen.Klarheit statt \u00dcberraschung \u2013 schnell, transparent, professionell. Mehr erfahren \u2192 Mozart Car Classics &#8211; im Wandel, aber schon heute f\u00fcr Sie da Wir bauen unsere Online-Pr\u00e4senz derzeit Schritt f\u00fcr Schritt aus. In&hellip;\" \/>\n<meta property=\"og:url\" content=\"https:\/\/mozartcarclassics.com\/home\/\" \/>\n<meta property=\"og:site_name\" content=\"Mozart Car Classics\" \/>\n<meta property=\"article:modified_time\" content=\"2025-10-07T17:24:18+00:00\" \/>\n<meta property=\"og:image\" content=\"https:\/\/mozartcarclassics.com\/wp-content\/uploads\/2025\/10\/trockeneis-nebel-mozartcarclassics.jpg\" \/>\n\t<meta property=\"og:image:width\" content=\"854\" \/>\n\t<meta property=\"og:image:height\" content=\"1280\" \/>\n\t<meta property=\"og:image:type\" content=\"image\/jpeg\" \/>\n<meta name=\"twitter:card\" content=\"summary_large_image\" \/>\n<meta name=\"twitter:label1\" content=\"Gesch\u00e4tzte Lesezeit\" \/>\n\t<meta name=\"twitter:data1\" content=\"2\u00a0Minuten\" \/>\n<script type=\"application\/ld+json\" class=\"yoast-schema-graph\">{\"@context\":\"https:\\\/\\\/schema.org\",\"@graph\":[{\"@type\":\"WebPage\",\"@id\":\"https:\\\/\\\/mozartcarclassics.com\\\/home\\\/\",\"url\":\"https:\\\/\\\/mozartcarclassics.com\\\/home\\\/\",\"name\":\"Home New - Mozart Car Classics\",\"isPartOf\":{\"@id\":\"https:\\\/\\\/mozartcarclassics.com\\\/home\\\/#website\"},\"primaryImageOfPage\":{\"@id\":\"https:\\\/\\\/mozartcarclassics.com\\\/home\\\/#primaryimage\"},\"image\":{\"@id\":\"https:\\\/\\\/mozartcarclassics.com\\\/home\\\/#primaryimage\"},\"thumbnailUrl\":\"https:\\\/\\\/mozartcarclassics.com\\\/wp-content\\\/uploads\\\/2025\\\/10\\\/trockeneis-nebel-mozartcarclassics.jpg\",\"datePublished\":\"2025-05-04T11:39:18+00:00\",\"dateModified\":\"2025-10-07T17:24:18+00:00\",\"breadcrumb\":{\"@id\":\"https:\\\/\\\/mozartcarclassics.com\\\/home\\\/#breadcrumb\"},\"inLanguage\":\"de\",\"potentialAction\":[{\"@type\":\"ReadAction\",\"target\":[\"https:\\\/\\\/mozartcarclassics.com\\\/home\\\/\"]}]},{\"@type\":\"ImageObject\",\"inLanguage\":\"de\",\"@id\":\"https:\\\/\\\/mozartcarclassics.com\\\/home\\\/#primaryimage\",\"url\":\"https:\\\/\\\/mozartcarclassics.com\\\/wp-content\\\/uploads\\\/2025\\\/10\\\/trockeneis-nebel-mozartcarclassics.jpg\",\"contentUrl\":\"https:\\\/\\\/mozartcarclassics.com\\\/wp-content\\\/uploads\\\/2025\\\/10\\\/trockeneis-nebel-mozartcarclassics.jpg\"},{\"@type\":\"BreadcrumbList\",\"@id\":\"https:\\\/\\\/mozartcarclassics.com\\\/home\\\/#breadcrumb\",\"itemListElement\":[{\"@type\":\"ListItem\",\"position\":1,\"name\":\"Startseite\",\"item\":\"https:\\\/\\\/mozartcarclassics.com\\\/home\\\/\"},{\"@type\":\"ListItem\",\"position\":2,\"name\":\"Home New\"}]},{\"@type\":\"WebSite\",\"@id\":\"https:\\\/\\\/mozartcarclassics.com\\\/home\\\/#website\",\"url\":\"https:\\\/\\\/mozartcarclassics.com\\\/home\\\/\",\"name\":\"Mozart Car Classics\",\"description\":\"Mercedes Klassiker \u2022 Videos \u2022 Podcast \u2022 Trockeneis-Strahlen \u2022 Rostschutz \u2022 Ersatzteile\",\"publisher\":{\"@id\":\"https:\\\/\\\/mozartcarclassics.com\\\/home\\\/#organization\"},\"potentialAction\":[{\"@type\":\"SearchAction\",\"target\":{\"@type\":\"EntryPoint\",\"urlTemplate\":\"https:\\\/\\\/mozartcarclassics.com\\\/home\\\/?s={search_term_string}\"},\"query-input\":{\"@type\":\"PropertyValueSpecification\",\"valueRequired\":true,\"valueName\":\"search_term_string\"}}],\"inLanguage\":\"de\"},{\"@type\":\"Organization\",\"@id\":\"https:\\\/\\\/mozartcarclassics.com\\\/home\\\/#organization\",\"name\":\"Mozart Car Classics\",\"url\":\"https:\\\/\\\/mozartcarclassics.com\\\/home\\\/\",\"logo\":{\"@type\":\"ImageObject\",\"inLanguage\":\"de\",\"@id\":\"https:\\\/\\\/mozartcarclassics.com\\\/home\\\/#\\\/schema\\\/logo\\\/image\\\/\",\"url\":\"https:\\\/\\\/mozartcarclassics.com\\\/wp-content\\\/uploads\\\/2022\\\/04\\\/mozart_car_classics_icon.png\",\"contentUrl\":\"https:\\\/\\\/mozartcarclassics.com\\\/wp-content\\\/uploads\\\/2022\\\/04\\\/mozart_car_classics_icon.png\",\"width\":960,\"height\":960,\"caption\":\"Mozart Car Classics\"},\"image\":{\"@id\":\"https:\\\/\\\/mozartcarclassics.com\\\/home\\\/#\\\/schema\\\/logo\\\/image\\\/\"}}]}<\/script>\n<!-- \/ Yoast SEO plugin. -->","yoast_head_json":{"title":"Home New - Mozart Car Classics","robots":{"index":"index","follow":"follow","max-snippet":"max-snippet:-1","max-image-preview":"max-image-preview:large","max-video-preview":"max-video-preview:-1"},"canonical":"https:\/\/mozartcarclassics.com\/home\/","og_locale":"de_DE","og_type":"article","og_title":"Home New - Mozart Car Classics","og_description":"\ud83e\uddca Neu: Die Trockeneis-Revolution f\u00fcr alle. Unser bew\u00e4hrtes Trockeneis-Know-how jetzt als 1000 \u20ac Trockeneis-Paket \u2013 das Puristen-Paket f\u00fcr Preisbewusste. Unterboden reinigen, dokumentieren, Zustand verstehen.Klarheit statt \u00dcberraschung \u2013 schnell, transparent, professionell. Mehr erfahren \u2192 Mozart Car Classics &#8211; im Wandel, aber schon heute f\u00fcr Sie da Wir bauen unsere Online-Pr\u00e4senz derzeit Schritt f\u00fcr Schritt aus. In&hellip;","og_url":"https:\/\/mozartcarclassics.com\/home\/","og_site_name":"Mozart Car Classics","article_modified_time":"2025-10-07T17:24:18+00:00","og_image":[{"width":854,"height":1280,"url":"https:\/\/mozartcarclassics.com\/wp-content\/uploads\/2025\/10\/trockeneis-nebel-mozartcarclassics.jpg","type":"image\/jpeg"}],"twitter_card":"summary_large_image","twitter_misc":{"Gesch\u00e4tzte Lesezeit":"2\u00a0Minuten"},"schema":{"@context":"https:\/\/schema.org","@graph":[{"@type":"WebPage","@id":"https:\/\/mozartcarclassics.com\/home\/","url":"https:\/\/mozartcarclassics.com\/home\/","name":"Home New - Mozart Car Classics","isPartOf":{"@id":"https:\/\/mozartcarclassics.com\/home\/#website"},"primaryImageOfPage":{"@id":"https:\/\/mozartcarclassics.com\/home\/#primaryimage"},"image":{"@id":"https:\/\/mozartcarclassics.com\/home\/#primaryimage"},"thumbnailUrl":"https:\/\/mozartcarclassics.com\/wp-content\/uploads\/2025\/10\/trockeneis-nebel-mozartcarclassics.jpg","datePublished":"2025-05-04T11:39:18+00:00","dateModified":"2025-10-07T17:24:18+00:00","breadcrumb":{"@id":"https:\/\/mozartcarclassics.com\/home\/#breadcrumb"},"inLanguage":"de","potentialAction":[{"@type":"ReadAction","target":["https:\/\/mozartcarclassics.com\/home\/"]}]},{"@type":"ImageObject","inLanguage":"de","@id":"https:\/\/mozartcarclassics.com\/home\/#primaryimage","url":"https:\/\/mozartcarclassics.com\/wp-content\/uploads\/2025\/10\/trockeneis-nebel-mozartcarclassics.jpg","contentUrl":"https:\/\/mozartcarclassics.com\/wp-content\/uploads\/2025\/10\/trockeneis-nebel-mozartcarclassics.jpg"},{"@type":"BreadcrumbList","@id":"https:\/\/mozartcarclassics.com\/home\/#breadcrumb","itemListElement":[{"@type":"ListItem","position":1,"name":"Startseite","item":"https:\/\/mozartcarclassics.com\/home\/"},{"@type":"ListItem","position":2,"name":"Home New"}]},{"@type":"WebSite","@id":"https:\/\/mozartcarclassics.com\/home\/#website","url":"https:\/\/mozartcarclassics.com\/home\/","name":"Mozart Car Classics","description":"Mercedes Klassiker \u2022 Videos \u2022 Podcast \u2022 Trockeneis-Strahlen \u2022 Rostschutz \u2022 Ersatzteile","publisher":{"@id":"https:\/\/mozartcarclassics.com\/home\/#organization"},"potentialAction":[{"@type":"SearchAction","target":{"@type":"EntryPoint","urlTemplate":"https:\/\/mozartcarclassics.com\/home\/?s={search_term_string}"},"query-input":{"@type":"PropertyValueSpecification","valueRequired":true,"valueName":"search_term_string"}}],"inLanguage":"de"},{"@type":"Organization","@id":"https:\/\/mozartcarclassics.com\/home\/#organization","name":"Mozart Car Classics","url":"https:\/\/mozartcarclassics.com\/home\/","logo":{"@type":"ImageObject","inLanguage":"de","@id":"https:\/\/mozartcarclassics.com\/home\/#\/schema\/logo\/image\/","url":"https:\/\/mozartcarclassics.com\/wp-content\/uploads\/2022\/04\/mozart_car_classics_icon.png","contentUrl":"https:\/\/mozartcarclassics.com\/wp-content\/uploads\/2022\/04\/mozart_car_classics_icon.png","width":960,"height":960,"caption":"Mozart Car Classics"},"image":{"@id":"https:\/\/mozartcarclassics.com\/home\/#\/schema\/logo\/image\/"}}]}},"_links":{"self":[{"href":"https:\/\/mozartcarclassics.com\/home\/wp-json\/wp\/v2\/pages\/1182","targetHints":{"allow":["GET"]}}],"collection":[{"href":"https:\/\/mozartcarclassics.com\/home\/wp-json\/wp\/v2\/pages"}],"about":[{"href":"https:\/\/mozartcarclassics.com\/home\/wp-json\/wp\/v2\/types\/page"}],"author":[{"embeddable":true,"href":"https:\/\/mozartcarclassics.com\/home\/wp-json\/wp\/v2\/users\/1"}],"replies":[{"embeddable":true,"href":"https:\/\/mozartcarclassics.com\/home\/wp-json\/wp\/v2\/comments?post=1182"}],"version-history":[{"count":3,"href":"https:\/\/mozartcarclassics.com\/home\/wp-json\/wp\/v2\/pages\/1182\/revisions"}],"predecessor-version":[{"id":1656,"href":"https:\/\/mozartcarclassics.com\/home\/wp-json\/wp\/v2\/pages\/1182\/revisions\/1656"}],"wp:attachment":[{"href":"https:\/\/mozartcarclassics.com\/home\/wp-json\/wp\/v2\/media?parent=1182"}],"curies":[{"name":"wp","href":"https:\/\/api.w.org\/{rel}","templated":true}]}}