{"id":1138,"date":"2025-04-19T21:28:53","date_gmt":"2025-04-19T19:28:53","guid":{"rendered":"https:\/\/mozartcarclassics.com\/home\/?post_type=product&#038;p=1138"},"modified":"2025-11-16T18:32:56","modified_gmt":"2025-11-16T17:32:56","slug":"210-kombituer-hinten-links","status":"publish","type":"product","link":"https:\/\/mozartcarclassics.com\/home\/produkt\/210-kombituer-hinten-links\/","title":{"rendered":"Mercedes E-Klasse S210 T-Modell (Kombi) T\u00fcr hinten links A2107302405"},"content":{"rendered":"<p>Kombit\u00fcr hinten links<\/p>\n<p>Kombi, hinten links, schwarz, mit T\u00fcrgriff, Avantgarde, und Fenstern<\/p>\n<p>Original\u2011Teil aus alten Lagerbest\u00e4nden (NOS)<\/p>\n<p>Dieses Teil stammt aus alten originalen Mercedes\u2011Benz Best\u00e4nden (New Old Stock) und ist unbenutzt, kann aber leichte Lagerspuren aufweisen. Die Oberfl\u00e4che ist mit einer d\u00fcnnen Schutz\u2011Lagerlackierung versehen, die zur Konservierung dient und bei Bedarf vor Einbau angeschliffen und \u00fcberlackiert werden sollte.<\/p>\n<p>&nbsp;<\/p>\n<p>Kostenlose Abholung, Versand auf Anfrage. Bei Fragen einfach \u00fcber WhatsApp 0170-6293683 schreiben.<\/p>\n","protected":false},"excerpt":{"rendered":"<p>Kombit\u00fcr hinten links<\/p>\n<p>Kombi, hinten links, schwarz, mit T\u00fcrgriff, Avantgarde, und Fenstern<\/p>\n<p>Original\u2011Teil aus alten Lagerbest\u00e4nden (NOS)<\/p>\n<p>Dieses Teil stammt aus alten originalen Mercedes\u2011Benz Best\u00e4nden (New Old Stock) und ist unbenutzt, kann aber leichte Lagerspuren aufweisen. Die Oberfl\u00e4che ist mit einer d\u00fcnnen Schutz\u2011Lagerlackierung versehen, die zur Konservierung dient und bei Bedarf vor Einbau angeschliffen und \u00fcberlackiert werden sollte.<\/p>\n<p>&nbsp;<\/p>\n<p>Kostenlose Abholung, Versand auf Anfrage. Bei Fragen einfach \u00fcber WhatsApp 0170-6293683 schreiben.<\/p>\n","protected":false},"featured_media":1805,"template":"","meta":{"_acf_changed":false},"product_brand":[],"product_cat":[58,66,54],"product_tag":[],"class_list":{"0":"post-1138","1":"product","2":"type-product","3":"status-publish","4":"has-post-thumbnail","6":"product_cat-nos","7":"product_cat-nos-new-old-stock","8":"product_cat-s210","9":"description-off","11":"first","12":"instock","13":"sale","14":"taxable","15":"shipping-taxable","16":"purchasable","17":"product-type-simple"},"exclude_global_add_ons":[],"addons":[],"acf":[],"yoast_head":"<!-- This site is optimized with the Yoast SEO plugin v27.5 - https:\/\/yoast.com\/product\/yoast-seo-wordpress\/ -->\n<title>Mercedes E-Klasse S210 T-Modell (Kombi) T\u00fcr hinten links A2107302405 - Mozart Car Classics<\/title>\n<meta name=\"robots\" content=\"index, follow, max-snippet:-1, max-image-preview:large, max-video-preview:-1\" \/>\n<link rel=\"canonical\" href=\"https:\/\/mozartcarclassics.com\/home\/produkt\/210-kombituer-hinten-links\/\" \/>\n<meta property=\"og:locale\" content=\"de_DE\" \/>\n<meta property=\"og:type\" content=\"article\" \/>\n<meta property=\"og:title\" content=\"Mercedes E-Klasse S210 T-Modell (Kombi) T\u00fcr hinten links A2107302405 - Mozart Car Classics\" \/>\n<meta property=\"og:description\" content=\"Kombit\u00fcr hinten links  Kombi, hinten links, schwarz, mit T\u00fcrgriff, Avantgarde, und Fenstern  Original\u2011Teil aus alten Lagerbest\u00e4nden (NOS)  Dieses Teil stammt aus alten originalen Mercedes\u2011Benz Best\u00e4nden (New Old Stock) und ist unbenutzt, kann aber leichte Lagerspuren aufweisen. Die Oberfl\u00e4che ist mit einer d\u00fcnnen Schutz\u2011Lagerlackierung versehen, die zur Konservierung dient und bei Bedarf vor Einbau angeschliffen und \u00fcberlackiert werden sollte.  &nbsp;  Kostenlose Abholung, Versand auf Anfrage. Bei Fragen einfach \u00fcber WhatsApp 0170-6293683 schreiben.\" \/>\n<meta property=\"og:url\" content=\"https:\/\/mozartcarclassics.com\/home\/produkt\/210-kombituer-hinten-links\/\" \/>\n<meta property=\"og:site_name\" content=\"Mozart Car Classics\" \/>\n<meta property=\"article:modified_time\" content=\"2025-11-16T17:32:56+00:00\" \/>\n<meta property=\"og:image\" content=\"https:\/\/mozartcarclassics.com\/wp-content\/uploads\/2025\/11\/A2107300605_FONDTUER_HINTEN_RECHTS_S210_T-MODELL_KOMBI.jpeg\" \/>\n\t<meta property=\"og:image:width\" content=\"1007\" \/>\n\t<meta property=\"og:image:height\" content=\"728\" \/>\n\t<meta property=\"og:image:type\" content=\"image\/jpeg\" \/>\n<meta name=\"twitter:card\" content=\"summary_large_image\" \/>\n<meta name=\"twitter:label1\" content=\"Gesch\u00e4tzte Lesezeit\" \/>\n\t<meta name=\"twitter:data1\" content=\"1\u00a0Minute\" \/>\n<script type=\"application\/ld+json\" class=\"yoast-schema-graph\">{\"@context\":\"https:\\\/\\\/schema.org\",\"@graph\":[{\"@type\":\"WebPage\",\"@id\":\"https:\\\/\\\/mozartcarclassics.com\\\/home\\\/produkt\\\/210-kombituer-hinten-links\\\/\",\"url\":\"https:\\\/\\\/mozartcarclassics.com\\\/home\\\/produkt\\\/210-kombituer-hinten-links\\\/\",\"name\":\"Mercedes E-Klasse S210 T-Modell (Kombi) T\u00fcr hinten links A2107302405 - Mozart Car Classics\",\"isPartOf\":{\"@id\":\"https:\\\/\\\/mozartcarclassics.com\\\/home\\\/#website\"},\"primaryImageOfPage\":{\"@id\":\"https:\\\/\\\/mozartcarclassics.com\\\/home\\\/produkt\\\/210-kombituer-hinten-links\\\/#primaryimage\"},\"image\":{\"@id\":\"https:\\\/\\\/mozartcarclassics.com\\\/home\\\/produkt\\\/210-kombituer-hinten-links\\\/#primaryimage\"},\"thumbnailUrl\":\"https:\\\/\\\/mozartcarclassics.com\\\/wp-content\\\/uploads\\\/2025\\\/11\\\/A2107300605_FONDTUER_HINTEN_RECHTS_S210_T-MODELL_KOMBI.jpeg\",\"datePublished\":\"2025-04-19T19:28:53+00:00\",\"dateModified\":\"2025-11-16T17:32:56+00:00\",\"breadcrumb\":{\"@id\":\"https:\\\/\\\/mozartcarclassics.com\\\/home\\\/produkt\\\/210-kombituer-hinten-links\\\/#breadcrumb\"},\"inLanguage\":\"de\",\"potentialAction\":[{\"@type\":\"ReadAction\",\"target\":[\"https:\\\/\\\/mozartcarclassics.com\\\/home\\\/produkt\\\/210-kombituer-hinten-links\\\/\"]}]},{\"@type\":\"ImageObject\",\"inLanguage\":\"de\",\"@id\":\"https:\\\/\\\/mozartcarclassics.com\\\/home\\\/produkt\\\/210-kombituer-hinten-links\\\/#primaryimage\",\"url\":\"https:\\\/\\\/mozartcarclassics.com\\\/wp-content\\\/uploads\\\/2025\\\/11\\\/A2107300605_FONDTUER_HINTEN_RECHTS_S210_T-MODELL_KOMBI.jpeg\",\"contentUrl\":\"https:\\\/\\\/mozartcarclassics.com\\\/wp-content\\\/uploads\\\/2025\\\/11\\\/A2107300605_FONDTUER_HINTEN_RECHTS_S210_T-MODELL_KOMBI.jpeg\",\"width\":1007,\"height\":728,\"caption\":\"Screenshot\"},{\"@type\":\"BreadcrumbList\",\"@id\":\"https:\\\/\\\/mozartcarclassics.com\\\/home\\\/produkt\\\/210-kombituer-hinten-links\\\/#breadcrumb\",\"itemListElement\":[{\"@type\":\"ListItem\",\"position\":1,\"name\":\"Startseite\",\"item\":\"https:\\\/\\\/mozartcarclassics.com\\\/home\\\/\"},{\"@type\":\"ListItem\",\"position\":2,\"name\":\"Shop\",\"item\":\"https:\\\/\\\/mozartcarclassics.com\\\/home\\\/shop\\\/\"},{\"@type\":\"ListItem\",\"position\":3,\"name\":\"Mercedes E-Klasse S210 T-Modell (Kombi) T\u00fcr hinten links A2107302405\"}]},{\"@type\":\"WebSite\",\"@id\":\"https:\\\/\\\/mozartcarclassics.com\\\/home\\\/#website\",\"url\":\"https:\\\/\\\/mozartcarclassics.com\\\/home\\\/\",\"name\":\"Mozart Car Classics\",\"description\":\"Mercedes Klassiker \u2022 Videos \u2022 Podcast \u2022 Trockeneis-Strahlen \u2022 Rostschutz \u2022 Ersatzteile\",\"publisher\":{\"@id\":\"https:\\\/\\\/mozartcarclassics.com\\\/home\\\/#organization\"},\"potentialAction\":[{\"@type\":\"SearchAction\",\"target\":{\"@type\":\"EntryPoint\",\"urlTemplate\":\"https:\\\/\\\/mozartcarclassics.com\\\/home\\\/?s={search_term_string}\"},\"query-input\":{\"@type\":\"PropertyValueSpecification\",\"valueRequired\":true,\"valueName\":\"search_term_string\"}}],\"inLanguage\":\"de\"},{\"@type\":\"Organization\",\"@id\":\"https:\\\/\\\/mozartcarclassics.com\\\/home\\\/#organization\",\"name\":\"Mozart Car Classics\",\"url\":\"https:\\\/\\\/mozartcarclassics.com\\\/home\\\/\",\"logo\":{\"@type\":\"ImageObject\",\"inLanguage\":\"de\",\"@id\":\"https:\\\/\\\/mozartcarclassics.com\\\/home\\\/#\\\/schema\\\/logo\\\/image\\\/\",\"url\":\"https:\\\/\\\/mozartcarclassics.com\\\/wp-content\\\/uploads\\\/2022\\\/04\\\/mozart_car_classics_icon.png\",\"contentUrl\":\"https:\\\/\\\/mozartcarclassics.com\\\/wp-content\\\/uploads\\\/2022\\\/04\\\/mozart_car_classics_icon.png\",\"width\":960,\"height\":960,\"caption\":\"Mozart Car Classics\"},\"image\":{\"@id\":\"https:\\\/\\\/mozartcarclassics.com\\\/home\\\/#\\\/schema\\\/logo\\\/image\\\/\"}}]}<\/script>\n<!-- \/ Yoast SEO plugin. -->","yoast_head_json":{"title":"Mercedes E-Klasse S210 T-Modell (Kombi) T\u00fcr hinten links A2107302405 - Mozart Car Classics","robots":{"index":"index","follow":"follow","max-snippet":"max-snippet:-1","max-image-preview":"max-image-preview:large","max-video-preview":"max-video-preview:-1"},"canonical":"https:\/\/mozartcarclassics.com\/home\/produkt\/210-kombituer-hinten-links\/","og_locale":"de_DE","og_type":"article","og_title":"Mercedes E-Klasse S210 T-Modell (Kombi) T\u00fcr hinten links A2107302405 - Mozart Car Classics","og_description":"Kombit\u00fcr hinten links  Kombi, hinten links, schwarz, mit T\u00fcrgriff, Avantgarde, und Fenstern  Original\u2011Teil aus alten Lagerbest\u00e4nden (NOS)  Dieses Teil stammt aus alten originalen Mercedes\u2011Benz Best\u00e4nden (New Old Stock) und ist unbenutzt, kann aber leichte Lagerspuren aufweisen. Die Oberfl\u00e4che ist mit einer d\u00fcnnen Schutz\u2011Lagerlackierung versehen, die zur Konservierung dient und bei Bedarf vor Einbau angeschliffen und \u00fcberlackiert werden sollte.  &nbsp;  Kostenlose Abholung, Versand auf Anfrage. Bei Fragen einfach \u00fcber WhatsApp 0170-6293683 schreiben.","og_url":"https:\/\/mozartcarclassics.com\/home\/produkt\/210-kombituer-hinten-links\/","og_site_name":"Mozart Car Classics","article_modified_time":"2025-11-16T17:32:56+00:00","og_image":[{"width":1007,"height":728,"url":"https:\/\/mozartcarclassics.com\/wp-content\/uploads\/2025\/11\/A2107300605_FONDTUER_HINTEN_RECHTS_S210_T-MODELL_KOMBI.jpeg","type":"image\/jpeg"}],"twitter_card":"summary_large_image","twitter_misc":{"Gesch\u00e4tzte Lesezeit":"1\u00a0Minute"},"schema":{"@context":"https:\/\/schema.org","@graph":[{"@type":"WebPage","@id":"https:\/\/mozartcarclassics.com\/home\/produkt\/210-kombituer-hinten-links\/","url":"https:\/\/mozartcarclassics.com\/home\/produkt\/210-kombituer-hinten-links\/","name":"Mercedes E-Klasse S210 T-Modell (Kombi) T\u00fcr hinten links A2107302405 - Mozart Car Classics","isPartOf":{"@id":"https:\/\/mozartcarclassics.com\/home\/#website"},"primaryImageOfPage":{"@id":"https:\/\/mozartcarclassics.com\/home\/produkt\/210-kombituer-hinten-links\/#primaryimage"},"image":{"@id":"https:\/\/mozartcarclassics.com\/home\/produkt\/210-kombituer-hinten-links\/#primaryimage"},"thumbnailUrl":"https:\/\/mozartcarclassics.com\/wp-content\/uploads\/2025\/11\/A2107300605_FONDTUER_HINTEN_RECHTS_S210_T-MODELL_KOMBI.jpeg","datePublished":"2025-04-19T19:28:53+00:00","dateModified":"2025-11-16T17:32:56+00:00","breadcrumb":{"@id":"https:\/\/mozartcarclassics.com\/home\/produkt\/210-kombituer-hinten-links\/#breadcrumb"},"inLanguage":"de","potentialAction":[{"@type":"ReadAction","target":["https:\/\/mozartcarclassics.com\/home\/produkt\/210-kombituer-hinten-links\/"]}]},{"@type":"ImageObject","inLanguage":"de","@id":"https:\/\/mozartcarclassics.com\/home\/produkt\/210-kombituer-hinten-links\/#primaryimage","url":"https:\/\/mozartcarclassics.com\/wp-content\/uploads\/2025\/11\/A2107300605_FONDTUER_HINTEN_RECHTS_S210_T-MODELL_KOMBI.jpeg","contentUrl":"https:\/\/mozartcarclassics.com\/wp-content\/uploads\/2025\/11\/A2107300605_FONDTUER_HINTEN_RECHTS_S210_T-MODELL_KOMBI.jpeg","width":1007,"height":728,"caption":"Screenshot"},{"@type":"BreadcrumbList","@id":"https:\/\/mozartcarclassics.com\/home\/produkt\/210-kombituer-hinten-links\/#breadcrumb","itemListElement":[{"@type":"ListItem","position":1,"name":"Startseite","item":"https:\/\/mozartcarclassics.com\/home\/"},{"@type":"ListItem","position":2,"name":"Shop","item":"https:\/\/mozartcarclassics.com\/home\/shop\/"},{"@type":"ListItem","position":3,"name":"Mercedes E-Klasse S210 T-Modell (Kombi) T\u00fcr hinten links A2107302405"}]},{"@type":"WebSite","@id":"https:\/\/mozartcarclassics.com\/home\/#website","url":"https:\/\/mozartcarclassics.com\/home\/","name":"Mozart Car Classics","description":"Mercedes Klassiker \u2022 Videos \u2022 Podcast \u2022 Trockeneis-Strahlen \u2022 Rostschutz \u2022 Ersatzteile","publisher":{"@id":"https:\/\/mozartcarclassics.com\/home\/#organization"},"potentialAction":[{"@type":"SearchAction","target":{"@type":"EntryPoint","urlTemplate":"https:\/\/mozartcarclassics.com\/home\/?s={search_term_string}"},"query-input":{"@type":"PropertyValueSpecification","valueRequired":true,"valueName":"search_term_string"}}],"inLanguage":"de"},{"@type":"Organization","@id":"https:\/\/mozartcarclassics.com\/home\/#organization","name":"Mozart Car Classics","url":"https:\/\/mozartcarclassics.com\/home\/","logo":{"@type":"ImageObject","inLanguage":"de","@id":"https:\/\/mozartcarclassics.com\/home\/#\/schema\/logo\/image\/","url":"https:\/\/mozartcarclassics.com\/wp-content\/uploads\/2022\/04\/mozart_car_classics_icon.png","contentUrl":"https:\/\/mozartcarclassics.com\/wp-content\/uploads\/2022\/04\/mozart_car_classics_icon.png","width":960,"height":960,"caption":"Mozart Car Classics"},"image":{"@id":"https:\/\/mozartcarclassics.com\/home\/#\/schema\/logo\/image\/"}}]}},"_links":{"self":[{"href":"https:\/\/mozartcarclassics.com\/home\/wp-json\/wp\/v2\/product\/1138","targetHints":{"allow":["GET"]}}],"collection":[{"href":"https:\/\/mozartcarclassics.com\/home\/wp-json\/wp\/v2\/product"}],"about":[{"href":"https:\/\/mozartcarclassics.com\/home\/wp-json\/wp\/v2\/types\/product"}],"version-history":[{"count":3,"href":"https:\/\/mozartcarclassics.com\/home\/wp-json\/wp\/v2\/product\/1138\/revisions"}],"predecessor-version":[{"id":2004,"href":"https:\/\/mozartcarclassics.com\/home\/wp-json\/wp\/v2\/product\/1138\/revisions\/2004"}],"wp:featuredmedia":[{"embeddable":true,"href":"https:\/\/mozartcarclassics.com\/home\/wp-json\/wp\/v2\/media\/1805"}],"wp:attachment":[{"href":"https:\/\/mozartcarclassics.com\/home\/wp-json\/wp\/v2\/media?parent=1138"}],"wp:term":[{"taxonomy":"product_brand","embeddable":true,"href":"https:\/\/mozartcarclassics.com\/home\/wp-json\/wp\/v2\/product_brand?post=1138"},{"taxonomy":"product_cat","embeddable":true,"href":"https:\/\/mozartcarclassics.com\/home\/wp-json\/wp\/v2\/product_cat?post=1138"},{"taxonomy":"product_tag","embeddable":true,"href":"https:\/\/mozartcarclassics.com\/home\/wp-json\/wp\/v2\/product_tag?post=1138"}],"curies":[{"name":"wp","href":"https:\/\/api.w.org\/{rel}","templated":true}]}}