{"id":1146,"date":"2025-04-19T21:28:55","date_gmt":"2025-04-19T19:28:55","guid":{"rendered":"https:\/\/mozartcarclassics.com\/home\/?post_type=product&#038;p=1146"},"modified":"2025-11-16T18:28:46","modified_gmt":"2025-11-16T17:28:46","slug":"208-beifahrertuer-vorne-rechts","status":"publish","type":"product","link":"https:\/\/mozartcarclassics.com\/home\/produkt\/208-beifahrertuer-vorne-rechts\/","title":{"rendered":"Mercedes CLK-Klasse Coup\u00e9 + Cabrio W208 A208 C208 Beifahrert\u00fcr T\u00fcr vorne rechts A2087200805 NOS"},"content":{"rendered":"<p>Beifahrert\u00fcr vorne rechts<\/p>\n<p>Beifahrert\u00fcr f\u00fcr W208 (CLK Coup\u00e9 &amp; Cabrio), obere Sicke: kleine Delle, m\u00fcsste ausgebeult werden<\/p>\n<p>Original\u2011Teil aus alten Lagerbest\u00e4nden (NOS)<\/p>\n<p>Dieses Teil stammt aus alten originalen Mercedes\u2011Benz Best\u00e4nden (New Old Stock) und ist unbenutzt, kann aber leichte Lagerspuren aufweisen. Die Oberfl\u00e4che ist mit einer d\u00fcnnen Schutz\u2011Lagerlackierung versehen, die zur Konservierung dient und bei Bedarf vor Einbau angeschliffen und \u00fcberlackiert werden sollte.<\/p>\n<p>Gerade f\u00fcr hochwertige Restaurationen sind NOS-Karosserieteile die beste Basis: Im Gegensatz zu gebrauchten Teilen mit unbekannter Vorgeschichte l\u00e4sst sich hier ein sauberer, von Grund auf neu aufgebauter Lackaufbau realisieren \u2013 beginnend mit Epoxyprimer, F\u00fcller und Decklack nach Wunsch. So wird nicht nur das Risiko versteckter Altsch\u00e4den minimiert, sondern auch ein dauerhaftes, wertstabileres Ergebnis erreicht. Gerne unterst\u00fctzen wir Sie bei der fachgerechten Vorbereitung, Lackierung und dem Einbau des Teils \u2013 sprechen Sie uns einfach an.<\/p>\n<p>Kostenlose Abholung, Versand auf Anfrage. Bei Fragen einfach \u00fcber WhatsApp 0170-6293683 schreiben.<\/p>\n","protected":false},"excerpt":{"rendered":"<p>Beifahrert\u00fcr vorne rechts<\/p>\n<p>Beifahrert\u00fcr f\u00fcr W208 (CLK Coup\u00e9 &amp; Cabrio), obere Sicke: kleine Delle, m\u00fcsste ausgebeult werden<\/p>\n<p>Original\u2011Teil aus alten Lagerbest\u00e4nden (NOS)<\/p>\n<p>Dieses Teil stammt aus alten originalen Mercedes\u2011Benz Best\u00e4nden (New Old Stock) und ist unbenutzt, kann aber leichte Lagerspuren aufweisen. Die Oberfl\u00e4che ist mit einer d\u00fcnnen Schutz\u2011Lagerlackierung versehen, die zur Konservierung dient und bei Bedarf vor Einbau angeschliffen und \u00fcberlackiert werden sollte.<\/p>\n<p>Gerade f\u00fcr hochwertige Restaurationen sind NOS-Karosserieteile die beste Basis: Im Gegensatz zu gebrauchten Teilen mit unbekannter Vorgeschichte l\u00e4sst sich hier ein sauberer, von Grund auf neu aufgebauter Lackaufbau realisieren \u2013 beginnend mit Epoxyprimer, F\u00fcller und Decklack nach Wunsch. So wird nicht nur das Risiko versteckter Altsch\u00e4den minimiert, sondern auch ein dauerhaftes, wertstabileres Ergebnis erreicht. Gerne unterst\u00fctzen wir Sie bei der fachgerechten Vorbereitung, Lackierung und dem Einbau des Teils \u2013 sprechen Sie uns einfach an.<\/p>\n<p>Kostenlose Abholung, Versand auf Anfrage. Bei Fragen einfach \u00fcber WhatsApp 0170-6293683 schreiben.<\/p>\n","protected":false},"featured_media":1801,"template":"","meta":{"_acf_changed":false},"product_brand":[],"product_cat":[50,49,58,66],"product_tag":[],"class_list":{"0":"post-1146","1":"product","2":"type-product","3":"status-publish","4":"has-post-thumbnail","6":"product_cat-a208","7":"product_cat-c208","8":"product_cat-nos","9":"product_cat-nos-new-old-stock","10":"description-off","12":"first","13":"instock","14":"sale","15":"taxable","16":"shipping-taxable","17":"purchasable","18":"product-type-simple"},"exclude_global_add_ons":[],"addons":[],"acf":[],"yoast_head":"<!-- This site is optimized with the Yoast SEO plugin v27.5 - https:\/\/yoast.com\/product\/yoast-seo-wordpress\/ -->\n<title>Mercedes CLK-Klasse Coup\u00e9 + Cabrio W208 A208 C208 Beifahrert\u00fcr T\u00fcr vorne rechts A2087200805 NOS - Mozart Car Classics<\/title>\n<meta name=\"robots\" content=\"index, follow, max-snippet:-1, max-image-preview:large, max-video-preview:-1\" \/>\n<link rel=\"canonical\" href=\"https:\/\/mozartcarclassics.com\/home\/produkt\/208-beifahrertuer-vorne-rechts\/\" \/>\n<meta property=\"og:locale\" content=\"de_DE\" \/>\n<meta property=\"og:type\" content=\"article\" \/>\n<meta property=\"og:title\" content=\"Mercedes CLK-Klasse Coup\u00e9 + Cabrio W208 A208 C208 Beifahrert\u00fcr T\u00fcr vorne rechts A2087200805 NOS - Mozart Car Classics\" \/>\n<meta property=\"og:description\" content=\"Beifahrert\u00fcr vorne rechts  Beifahrert\u00fcr f\u00fcr W208 (CLK Coup\u00e9 &amp; Cabrio), obere Sicke: kleine Delle, m\u00fcsste ausgebeult werden  Original\u2011Teil aus alten Lagerbest\u00e4nden (NOS)  Dieses Teil stammt aus alten originalen Mercedes\u2011Benz Best\u00e4nden (New Old Stock) und ist unbenutzt, kann aber leichte Lagerspuren aufweisen. Die Oberfl\u00e4che ist mit einer d\u00fcnnen Schutz\u2011Lagerlackierung versehen, die zur Konservierung dient und bei Bedarf vor Einbau angeschliffen und \u00fcberlackiert werden sollte.  Gerade f\u00fcr hochwertige Restaurationen sind NOS-Karosserieteile die beste Basis: Im Gegensatz zu gebrauchten Teilen mit unbekannter Vorgeschichte l\u00e4sst sich hier ein sauberer, von Grund auf neu aufgebauter Lackaufbau realisieren \u2013 beginnend mit Epoxyprimer, F\u00fcller und Decklack nach Wunsch. So wird nicht nur das Risiko versteckter Altsch\u00e4den minimiert, sondern auch ein dauerhaftes, wertstabileres Ergebnis erreicht. Gerne unterst\u00fctzen wir Sie bei der fachgerechten Vorbereitung, Lackierung und dem Einbau des Teils \u2013 sprechen Sie uns einfach an.  Kostenlose Abholung, Versand auf Anfrage. Bei Fragen einfach \u00fcber WhatsApp 0170-6293683 schreiben.\" \/>\n<meta property=\"og:url\" content=\"https:\/\/mozartcarclassics.com\/home\/produkt\/208-beifahrertuer-vorne-rechts\/\" \/>\n<meta property=\"og:site_name\" content=\"Mozart Car Classics\" \/>\n<meta property=\"article:modified_time\" content=\"2025-11-16T17:28:46+00:00\" \/>\n<meta property=\"og:image\" content=\"https:\/\/mozartcarclassics.com\/wp-content\/uploads\/2025\/11\/A2087200805_FAHRERTUER_VORNE_RECHTS_W208_C208_A208_CLK.jpeg\" \/>\n\t<meta property=\"og:image:width\" content=\"983\" \/>\n\t<meta property=\"og:image:height\" content=\"620\" \/>\n\t<meta property=\"og:image:type\" content=\"image\/jpeg\" \/>\n<meta name=\"twitter:card\" content=\"summary_large_image\" \/>\n<meta name=\"twitter:label1\" content=\"Gesch\u00e4tzte Lesezeit\" \/>\n\t<meta name=\"twitter:data1\" content=\"2\u00a0Minuten\" \/>\n<script type=\"application\/ld+json\" class=\"yoast-schema-graph\">{\"@context\":\"https:\\\/\\\/schema.org\",\"@graph\":[{\"@type\":\"WebPage\",\"@id\":\"https:\\\/\\\/mozartcarclassics.com\\\/home\\\/produkt\\\/208-beifahrertuer-vorne-rechts\\\/\",\"url\":\"https:\\\/\\\/mozartcarclassics.com\\\/home\\\/produkt\\\/208-beifahrertuer-vorne-rechts\\\/\",\"name\":\"Mercedes CLK-Klasse Coup\u00e9 + Cabrio W208 A208 C208 Beifahrert\u00fcr T\u00fcr vorne rechts A2087200805 NOS - Mozart Car Classics\",\"isPartOf\":{\"@id\":\"https:\\\/\\\/mozartcarclassics.com\\\/home\\\/#website\"},\"primaryImageOfPage\":{\"@id\":\"https:\\\/\\\/mozartcarclassics.com\\\/home\\\/produkt\\\/208-beifahrertuer-vorne-rechts\\\/#primaryimage\"},\"image\":{\"@id\":\"https:\\\/\\\/mozartcarclassics.com\\\/home\\\/produkt\\\/208-beifahrertuer-vorne-rechts\\\/#primaryimage\"},\"thumbnailUrl\":\"https:\\\/\\\/mozartcarclassics.com\\\/wp-content\\\/uploads\\\/2025\\\/11\\\/A2087200805_FAHRERTUER_VORNE_RECHTS_W208_C208_A208_CLK.jpeg\",\"datePublished\":\"2025-04-19T19:28:55+00:00\",\"dateModified\":\"2025-11-16T17:28:46+00:00\",\"breadcrumb\":{\"@id\":\"https:\\\/\\\/mozartcarclassics.com\\\/home\\\/produkt\\\/208-beifahrertuer-vorne-rechts\\\/#breadcrumb\"},\"inLanguage\":\"de\",\"potentialAction\":[{\"@type\":\"ReadAction\",\"target\":[\"https:\\\/\\\/mozartcarclassics.com\\\/home\\\/produkt\\\/208-beifahrertuer-vorne-rechts\\\/\"]}]},{\"@type\":\"ImageObject\",\"inLanguage\":\"de\",\"@id\":\"https:\\\/\\\/mozartcarclassics.com\\\/home\\\/produkt\\\/208-beifahrertuer-vorne-rechts\\\/#primaryimage\",\"url\":\"https:\\\/\\\/mozartcarclassics.com\\\/wp-content\\\/uploads\\\/2025\\\/11\\\/A2087200805_FAHRERTUER_VORNE_RECHTS_W208_C208_A208_CLK.jpeg\",\"contentUrl\":\"https:\\\/\\\/mozartcarclassics.com\\\/wp-content\\\/uploads\\\/2025\\\/11\\\/A2087200805_FAHRERTUER_VORNE_RECHTS_W208_C208_A208_CLK.jpeg\",\"width\":983,\"height\":620,\"caption\":\"Screenshot\"},{\"@type\":\"BreadcrumbList\",\"@id\":\"https:\\\/\\\/mozartcarclassics.com\\\/home\\\/produkt\\\/208-beifahrertuer-vorne-rechts\\\/#breadcrumb\",\"itemListElement\":[{\"@type\":\"ListItem\",\"position\":1,\"name\":\"Startseite\",\"item\":\"https:\\\/\\\/mozartcarclassics.com\\\/home\\\/\"},{\"@type\":\"ListItem\",\"position\":2,\"name\":\"Shop\",\"item\":\"https:\\\/\\\/mozartcarclassics.com\\\/home\\\/shop\\\/\"},{\"@type\":\"ListItem\",\"position\":3,\"name\":\"Mercedes CLK-Klasse Coup\u00e9 + Cabrio W208 A208 C208 Beifahrert\u00fcr T\u00fcr vorne rechts A2087200805 NOS\"}]},{\"@type\":\"WebSite\",\"@id\":\"https:\\\/\\\/mozartcarclassics.com\\\/home\\\/#website\",\"url\":\"https:\\\/\\\/mozartcarclassics.com\\\/home\\\/\",\"name\":\"Mozart Car Classics\",\"description\":\"Mercedes Klassiker \u2022 Videos \u2022 Podcast \u2022 Trockeneis-Strahlen \u2022 Rostschutz \u2022 Ersatzteile\",\"publisher\":{\"@id\":\"https:\\\/\\\/mozartcarclassics.com\\\/home\\\/#organization\"},\"potentialAction\":[{\"@type\":\"SearchAction\",\"target\":{\"@type\":\"EntryPoint\",\"urlTemplate\":\"https:\\\/\\\/mozartcarclassics.com\\\/home\\\/?s={search_term_string}\"},\"query-input\":{\"@type\":\"PropertyValueSpecification\",\"valueRequired\":true,\"valueName\":\"search_term_string\"}}],\"inLanguage\":\"de\"},{\"@type\":\"Organization\",\"@id\":\"https:\\\/\\\/mozartcarclassics.com\\\/home\\\/#organization\",\"name\":\"Mozart Car Classics\",\"url\":\"https:\\\/\\\/mozartcarclassics.com\\\/home\\\/\",\"logo\":{\"@type\":\"ImageObject\",\"inLanguage\":\"de\",\"@id\":\"https:\\\/\\\/mozartcarclassics.com\\\/home\\\/#\\\/schema\\\/logo\\\/image\\\/\",\"url\":\"https:\\\/\\\/mozartcarclassics.com\\\/wp-content\\\/uploads\\\/2022\\\/04\\\/mozart_car_classics_icon.png\",\"contentUrl\":\"https:\\\/\\\/mozartcarclassics.com\\\/wp-content\\\/uploads\\\/2022\\\/04\\\/mozart_car_classics_icon.png\",\"width\":960,\"height\":960,\"caption\":\"Mozart Car Classics\"},\"image\":{\"@id\":\"https:\\\/\\\/mozartcarclassics.com\\\/home\\\/#\\\/schema\\\/logo\\\/image\\\/\"}}]}<\/script>\n<!-- \/ Yoast SEO plugin. -->","yoast_head_json":{"title":"Mercedes CLK-Klasse Coup\u00e9 + Cabrio W208 A208 C208 Beifahrert\u00fcr T\u00fcr vorne rechts A2087200805 NOS - Mozart Car Classics","robots":{"index":"index","follow":"follow","max-snippet":"max-snippet:-1","max-image-preview":"max-image-preview:large","max-video-preview":"max-video-preview:-1"},"canonical":"https:\/\/mozartcarclassics.com\/home\/produkt\/208-beifahrertuer-vorne-rechts\/","og_locale":"de_DE","og_type":"article","og_title":"Mercedes CLK-Klasse Coup\u00e9 + Cabrio W208 A208 C208 Beifahrert\u00fcr T\u00fcr vorne rechts A2087200805 NOS - Mozart Car Classics","og_description":"Beifahrert\u00fcr vorne rechts  Beifahrert\u00fcr f\u00fcr W208 (CLK Coup\u00e9 &amp; Cabrio), obere Sicke: kleine Delle, m\u00fcsste ausgebeult werden  Original\u2011Teil aus alten Lagerbest\u00e4nden (NOS)  Dieses Teil stammt aus alten originalen Mercedes\u2011Benz Best\u00e4nden (New Old Stock) und ist unbenutzt, kann aber leichte Lagerspuren aufweisen. Die Oberfl\u00e4che ist mit einer d\u00fcnnen Schutz\u2011Lagerlackierung versehen, die zur Konservierung dient und bei Bedarf vor Einbau angeschliffen und \u00fcberlackiert werden sollte.  Gerade f\u00fcr hochwertige Restaurationen sind NOS-Karosserieteile die beste Basis: Im Gegensatz zu gebrauchten Teilen mit unbekannter Vorgeschichte l\u00e4sst sich hier ein sauberer, von Grund auf neu aufgebauter Lackaufbau realisieren \u2013 beginnend mit Epoxyprimer, F\u00fcller und Decklack nach Wunsch. So wird nicht nur das Risiko versteckter Altsch\u00e4den minimiert, sondern auch ein dauerhaftes, wertstabileres Ergebnis erreicht. Gerne unterst\u00fctzen wir Sie bei der fachgerechten Vorbereitung, Lackierung und dem Einbau des Teils \u2013 sprechen Sie uns einfach an.  Kostenlose Abholung, Versand auf Anfrage. Bei Fragen einfach \u00fcber WhatsApp 0170-6293683 schreiben.","og_url":"https:\/\/mozartcarclassics.com\/home\/produkt\/208-beifahrertuer-vorne-rechts\/","og_site_name":"Mozart Car Classics","article_modified_time":"2025-11-16T17:28:46+00:00","og_image":[{"width":983,"height":620,"url":"https:\/\/mozartcarclassics.com\/wp-content\/uploads\/2025\/11\/A2087200805_FAHRERTUER_VORNE_RECHTS_W208_C208_A208_CLK.jpeg","type":"image\/jpeg"}],"twitter_card":"summary_large_image","twitter_misc":{"Gesch\u00e4tzte Lesezeit":"2\u00a0Minuten"},"schema":{"@context":"https:\/\/schema.org","@graph":[{"@type":"WebPage","@id":"https:\/\/mozartcarclassics.com\/home\/produkt\/208-beifahrertuer-vorne-rechts\/","url":"https:\/\/mozartcarclassics.com\/home\/produkt\/208-beifahrertuer-vorne-rechts\/","name":"Mercedes CLK-Klasse Coup\u00e9 + Cabrio W208 A208 C208 Beifahrert\u00fcr T\u00fcr vorne rechts A2087200805 NOS - Mozart Car Classics","isPartOf":{"@id":"https:\/\/mozartcarclassics.com\/home\/#website"},"primaryImageOfPage":{"@id":"https:\/\/mozartcarclassics.com\/home\/produkt\/208-beifahrertuer-vorne-rechts\/#primaryimage"},"image":{"@id":"https:\/\/mozartcarclassics.com\/home\/produkt\/208-beifahrertuer-vorne-rechts\/#primaryimage"},"thumbnailUrl":"https:\/\/mozartcarclassics.com\/wp-content\/uploads\/2025\/11\/A2087200805_FAHRERTUER_VORNE_RECHTS_W208_C208_A208_CLK.jpeg","datePublished":"2025-04-19T19:28:55+00:00","dateModified":"2025-11-16T17:28:46+00:00","breadcrumb":{"@id":"https:\/\/mozartcarclassics.com\/home\/produkt\/208-beifahrertuer-vorne-rechts\/#breadcrumb"},"inLanguage":"de","potentialAction":[{"@type":"ReadAction","target":["https:\/\/mozartcarclassics.com\/home\/produkt\/208-beifahrertuer-vorne-rechts\/"]}]},{"@type":"ImageObject","inLanguage":"de","@id":"https:\/\/mozartcarclassics.com\/home\/produkt\/208-beifahrertuer-vorne-rechts\/#primaryimage","url":"https:\/\/mozartcarclassics.com\/wp-content\/uploads\/2025\/11\/A2087200805_FAHRERTUER_VORNE_RECHTS_W208_C208_A208_CLK.jpeg","contentUrl":"https:\/\/mozartcarclassics.com\/wp-content\/uploads\/2025\/11\/A2087200805_FAHRERTUER_VORNE_RECHTS_W208_C208_A208_CLK.jpeg","width":983,"height":620,"caption":"Screenshot"},{"@type":"BreadcrumbList","@id":"https:\/\/mozartcarclassics.com\/home\/produkt\/208-beifahrertuer-vorne-rechts\/#breadcrumb","itemListElement":[{"@type":"ListItem","position":1,"name":"Startseite","item":"https:\/\/mozartcarclassics.com\/home\/"},{"@type":"ListItem","position":2,"name":"Shop","item":"https:\/\/mozartcarclassics.com\/home\/shop\/"},{"@type":"ListItem","position":3,"name":"Mercedes CLK-Klasse Coup\u00e9 + Cabrio W208 A208 C208 Beifahrert\u00fcr T\u00fcr vorne rechts A2087200805 NOS"}]},{"@type":"WebSite","@id":"https:\/\/mozartcarclassics.com\/home\/#website","url":"https:\/\/mozartcarclassics.com\/home\/","name":"Mozart Car Classics","description":"Mercedes Klassiker \u2022 Videos \u2022 Podcast \u2022 Trockeneis-Strahlen \u2022 Rostschutz \u2022 Ersatzteile","publisher":{"@id":"https:\/\/mozartcarclassics.com\/home\/#organization"},"potentialAction":[{"@type":"SearchAction","target":{"@type":"EntryPoint","urlTemplate":"https:\/\/mozartcarclassics.com\/home\/?s={search_term_string}"},"query-input":{"@type":"PropertyValueSpecification","valueRequired":true,"valueName":"search_term_string"}}],"inLanguage":"de"},{"@type":"Organization","@id":"https:\/\/mozartcarclassics.com\/home\/#organization","name":"Mozart Car Classics","url":"https:\/\/mozartcarclassics.com\/home\/","logo":{"@type":"ImageObject","inLanguage":"de","@id":"https:\/\/mozartcarclassics.com\/home\/#\/schema\/logo\/image\/","url":"https:\/\/mozartcarclassics.com\/wp-content\/uploads\/2022\/04\/mozart_car_classics_icon.png","contentUrl":"https:\/\/mozartcarclassics.com\/wp-content\/uploads\/2022\/04\/mozart_car_classics_icon.png","width":960,"height":960,"caption":"Mozart Car Classics"},"image":{"@id":"https:\/\/mozartcarclassics.com\/home\/#\/schema\/logo\/image\/"}}]}},"_links":{"self":[{"href":"https:\/\/mozartcarclassics.com\/home\/wp-json\/wp\/v2\/product\/1146","targetHints":{"allow":["GET"]}}],"collection":[{"href":"https:\/\/mozartcarclassics.com\/home\/wp-json\/wp\/v2\/product"}],"about":[{"href":"https:\/\/mozartcarclassics.com\/home\/wp-json\/wp\/v2\/types\/product"}],"version-history":[{"count":4,"href":"https:\/\/mozartcarclassics.com\/home\/wp-json\/wp\/v2\/product\/1146\/revisions"}],"predecessor-version":[{"id":2001,"href":"https:\/\/mozartcarclassics.com\/home\/wp-json\/wp\/v2\/product\/1146\/revisions\/2001"}],"wp:featuredmedia":[{"embeddable":true,"href":"https:\/\/mozartcarclassics.com\/home\/wp-json\/wp\/v2\/media\/1801"}],"wp:attachment":[{"href":"https:\/\/mozartcarclassics.com\/home\/wp-json\/wp\/v2\/media?parent=1146"}],"wp:term":[{"taxonomy":"product_brand","embeddable":true,"href":"https:\/\/mozartcarclassics.com\/home\/wp-json\/wp\/v2\/product_brand?post=1146"},{"taxonomy":"product_cat","embeddable":true,"href":"https:\/\/mozartcarclassics.com\/home\/wp-json\/wp\/v2\/product_cat?post=1146"},{"taxonomy":"product_tag","embeddable":true,"href":"https:\/\/mozartcarclassics.com\/home\/wp-json\/wp\/v2\/product_tag?post=1146"}],"curies":[{"name":"wp","href":"https:\/\/api.w.org\/{rel}","templated":true}]}}