{"id":1157,"date":"2025-04-19T21:28:58","date_gmt":"2025-04-19T19:28:58","guid":{"rendered":"https:\/\/mozartcarclassics.com\/home\/?post_type=product&#038;p=1157"},"modified":"2025-11-16T17:21:58","modified_gmt":"2025-11-16T16:21:58","slug":"a2107500075-heckdeckel-2","status":"publish","type":"product","link":"https:\/\/mozartcarclassics.com\/home\/produkt\/a2107500075-heckdeckel-2\/","title":{"rendered":"Mercedes E-Klasse W210 Limousine Heckdeckel A2107500075 NOS"},"content":{"rendered":"<p>Heckdeckel<\/p>\n<p>Heckdeckel f\u00fcr W210 Limousine, Vormodellpflege<\/p>\n<p>Original\u2011Teil aus alten Lagerbest\u00e4nden (NOS)<\/p>\n<p>Dieses Teil stammt aus alten originalen Mercedes\u2011Benz Best\u00e4nden (New Old Stock) und ist unbenutzt, kann aber leichte Lagerspuren aufweisen. Die Oberfl\u00e4che ist mit einer d\u00fcnnen Schutz\u2011Lagerlackierung versehen, die zur Konservierung dient und bei Bedarf vor Einbau angeschliffen und \u00fcberlackiert werden sollte.<\/p>\n<p><a href=\"https:\/\/originalteile.mercedes-benz.de\/?search=A2107500075\">https:\/\/originalteile.mercedes-benz.de\/?search=A2107500075<\/a><\/p>\n<p>Gerade f\u00fcr hochwertige Restaurationen sind NOS-Karosserieteile die beste Basis: Im Gegensatz zu gebrauchten Teilen mit unbekannter Vorgeschichte l\u00e4sst sich hier ein sauberer, von Grund auf neu aufgebauter Lackaufbau realisieren \u2013 beginnend mit Epoxyprimer, F\u00fcller und Decklack nach Wunsch. So wird nicht nur das Risiko versteckter Altsch\u00e4den minimiert, sondern auch ein dauerhaftes, wertstabileres Ergebnis erreicht. Gerne unterst\u00fctzen wir Sie bei der fachgerechten Vorbereitung, Lackierung und dem Einbau des Teils \u2013 sprechen Sie uns einfach an.<\/p>\n<p>Kostenlose Abholung, Versand auf Anfrage. Bei Fragen einfach \u00fcber WhatsApp 0170-6293683 schreiben.<\/p>\n","protected":false},"excerpt":{"rendered":"<p>Heckdeckel<\/p>\n<p>Heckdeckel f\u00fcr W210 Limousine, Vormodellpflege<\/p>\n<p>Original\u2011Teil aus alten Lagerbest\u00e4nden (NOS)<\/p>\n<p>Dieses Teil stammt aus alten originalen Mercedes\u2011Benz Best\u00e4nden (New Old Stock) und ist unbenutzt, kann aber leichte Lagerspuren aufweisen. Die Oberfl\u00e4che ist mit einer d\u00fcnnen Schutz\u2011Lagerlackierung versehen, die zur Konservierung dient und bei Bedarf vor Einbau angeschliffen und \u00fcberlackiert werden sollte.<\/p>\n<p><a href=\"https:\/\/originalteile.mercedes-benz.de\/?search=A2107500075\">https:\/\/originalteile.mercedes-benz.de\/?search=A2107500075<\/a><\/p>\n<p>Gerade f\u00fcr hochwertige Restaurationen sind NOS-Karosserieteile die beste Basis: Im Gegensatz zu gebrauchten Teilen mit unbekannter Vorgeschichte l\u00e4sst sich hier ein sauberer, von Grund auf neu aufgebauter Lackaufbau realisieren \u2013 beginnend mit Epoxyprimer, F\u00fcller und Decklack nach Wunsch. So wird nicht nur das Risiko versteckter Altsch\u00e4den minimiert, sondern auch ein dauerhaftes, wertstabileres Ergebnis erreicht. Gerne unterst\u00fctzen wir Sie bei der fachgerechten Vorbereitung, Lackierung und dem Einbau des Teils \u2013 sprechen Sie uns einfach an.<\/p>\n<p>Kostenlose Abholung, Versand auf Anfrage. Bei Fragen einfach \u00fcber WhatsApp 0170-6293683 schreiben.<\/p>\n","protected":false},"featured_media":1778,"template":"","meta":{"_acf_changed":false},"product_brand":[],"product_cat":[58,66,53],"product_tag":[],"class_list":{"0":"post-1157","1":"product","2":"type-product","3":"status-publish","4":"has-post-thumbnail","6":"product_cat-nos","7":"product_cat-nos-new-old-stock","8":"product_cat-w210","9":"description-off","11":"first","12":"instock","13":"sale","14":"taxable","15":"shipping-taxable","16":"purchasable","17":"product-type-simple"},"exclude_global_add_ons":[],"addons":[],"acf":[],"yoast_head":"<!-- This site is optimized with the Yoast SEO plugin v27.3 - https:\/\/yoast.com\/product\/yoast-seo-wordpress\/ -->\n<title>Mercedes E-Klasse W210 Limousine Heckdeckel A2107500075 NOS - Mozart Car Classics<\/title>\n<meta name=\"robots\" content=\"index, follow, max-snippet:-1, max-image-preview:large, max-video-preview:-1\" \/>\n<link rel=\"canonical\" href=\"https:\/\/mozartcarclassics.com\/home\/produkt\/a2107500075-heckdeckel-2\/\" \/>\n<meta property=\"og:locale\" content=\"de_DE\" \/>\n<meta property=\"og:type\" content=\"article\" \/>\n<meta property=\"og:title\" content=\"Mercedes E-Klasse W210 Limousine Heckdeckel A2107500075 NOS - Mozart Car Classics\" \/>\n<meta property=\"og:description\" content=\"Heckdeckel  Heckdeckel f\u00fcr W210 Limousine, Vormodellpflege  Original\u2011Teil aus alten Lagerbest\u00e4nden (NOS)  Dieses Teil stammt aus alten originalen Mercedes\u2011Benz Best\u00e4nden (New Old Stock) und ist unbenutzt, kann aber leichte Lagerspuren aufweisen. Die Oberfl\u00e4che ist mit einer d\u00fcnnen Schutz\u2011Lagerlackierung versehen, die zur Konservierung dient und bei Bedarf vor Einbau angeschliffen und \u00fcberlackiert werden sollte.  https:\/\/originalteile.mercedes-benz.de\/?search=A2107500075  Gerade f\u00fcr hochwertige Restaurationen sind NOS-Karosserieteile die beste Basis: Im Gegensatz zu gebrauchten Teilen mit unbekannter Vorgeschichte l\u00e4sst sich hier ein sauberer, von Grund auf neu aufgebauter Lackaufbau realisieren \u2013 beginnend mit Epoxyprimer, F\u00fcller und Decklack nach Wunsch. So wird nicht nur das Risiko versteckter Altsch\u00e4den minimiert, sondern auch ein dauerhaftes, wertstabileres Ergebnis erreicht. Gerne unterst\u00fctzen wir Sie bei der fachgerechten Vorbereitung, Lackierung und dem Einbau des Teils \u2013 sprechen Sie uns einfach an.  Kostenlose Abholung, Versand auf Anfrage. Bei Fragen einfach \u00fcber WhatsApp 0170-6293683 schreiben.\" \/>\n<meta property=\"og:url\" content=\"https:\/\/mozartcarclassics.com\/home\/produkt\/a2107500075-heckdeckel-2\/\" \/>\n<meta property=\"og:site_name\" content=\"Mozart Car Classics\" \/>\n<meta property=\"article:modified_time\" content=\"2025-11-16T16:21:58+00:00\" \/>\n<meta property=\"og:image\" content=\"https:\/\/mozartcarclassics.com\/wp-content\/uploads\/2025\/11\/A2107501175_HECKDECKEL_W210.jpeg\" \/>\n\t<meta property=\"og:image:width\" content=\"1109\" \/>\n\t<meta property=\"og:image:height\" content=\"694\" \/>\n\t<meta property=\"og:image:type\" content=\"image\/jpeg\" \/>\n<meta name=\"twitter:card\" content=\"summary_large_image\" \/>\n<meta name=\"twitter:label1\" content=\"Gesch\u00e4tzte Lesezeit\" \/>\n\t<meta name=\"twitter:data1\" content=\"1\u00a0Minute\" \/>\n<script type=\"application\/ld+json\" class=\"yoast-schema-graph\">{\"@context\":\"https:\\\/\\\/schema.org\",\"@graph\":[{\"@type\":\"WebPage\",\"@id\":\"https:\\\/\\\/mozartcarclassics.com\\\/home\\\/produkt\\\/a2107500075-heckdeckel-2\\\/\",\"url\":\"https:\\\/\\\/mozartcarclassics.com\\\/home\\\/produkt\\\/a2107500075-heckdeckel-2\\\/\",\"name\":\"Mercedes E-Klasse W210 Limousine Heckdeckel A2107500075 NOS - Mozart Car Classics\",\"isPartOf\":{\"@id\":\"https:\\\/\\\/mozartcarclassics.com\\\/home\\\/#website\"},\"primaryImageOfPage\":{\"@id\":\"https:\\\/\\\/mozartcarclassics.com\\\/home\\\/produkt\\\/a2107500075-heckdeckel-2\\\/#primaryimage\"},\"image\":{\"@id\":\"https:\\\/\\\/mozartcarclassics.com\\\/home\\\/produkt\\\/a2107500075-heckdeckel-2\\\/#primaryimage\"},\"thumbnailUrl\":\"https:\\\/\\\/mozartcarclassics.com\\\/wp-content\\\/uploads\\\/2025\\\/11\\\/A2107501175_HECKDECKEL_W210.jpeg\",\"datePublished\":\"2025-04-19T19:28:58+00:00\",\"dateModified\":\"2025-11-16T16:21:58+00:00\",\"breadcrumb\":{\"@id\":\"https:\\\/\\\/mozartcarclassics.com\\\/home\\\/produkt\\\/a2107500075-heckdeckel-2\\\/#breadcrumb\"},\"inLanguage\":\"de\",\"potentialAction\":[{\"@type\":\"ReadAction\",\"target\":[\"https:\\\/\\\/mozartcarclassics.com\\\/home\\\/produkt\\\/a2107500075-heckdeckel-2\\\/\"]}]},{\"@type\":\"ImageObject\",\"inLanguage\":\"de\",\"@id\":\"https:\\\/\\\/mozartcarclassics.com\\\/home\\\/produkt\\\/a2107500075-heckdeckel-2\\\/#primaryimage\",\"url\":\"https:\\\/\\\/mozartcarclassics.com\\\/wp-content\\\/uploads\\\/2025\\\/11\\\/A2107501175_HECKDECKEL_W210.jpeg\",\"contentUrl\":\"https:\\\/\\\/mozartcarclassics.com\\\/wp-content\\\/uploads\\\/2025\\\/11\\\/A2107501175_HECKDECKEL_W210.jpeg\",\"width\":1109,\"height\":694,\"caption\":\"Screenshot\"},{\"@type\":\"BreadcrumbList\",\"@id\":\"https:\\\/\\\/mozartcarclassics.com\\\/home\\\/produkt\\\/a2107500075-heckdeckel-2\\\/#breadcrumb\",\"itemListElement\":[{\"@type\":\"ListItem\",\"position\":1,\"name\":\"Startseite\",\"item\":\"https:\\\/\\\/mozartcarclassics.com\\\/home\\\/\"},{\"@type\":\"ListItem\",\"position\":2,\"name\":\"Shop\",\"item\":\"https:\\\/\\\/mozartcarclassics.com\\\/home\\\/shop\\\/\"},{\"@type\":\"ListItem\",\"position\":3,\"name\":\"Mercedes E-Klasse W210 Limousine Heckdeckel A2107500075 NOS\"}]},{\"@type\":\"WebSite\",\"@id\":\"https:\\\/\\\/mozartcarclassics.com\\\/home\\\/#website\",\"url\":\"https:\\\/\\\/mozartcarclassics.com\\\/home\\\/\",\"name\":\"Mozart Car Classics\",\"description\":\"Mercedes Klassiker \u2022 Videos \u2022 Podcast \u2022 Trockeneis-Strahlen \u2022 Rostschutz \u2022 Ersatzteile\",\"publisher\":{\"@id\":\"https:\\\/\\\/mozartcarclassics.com\\\/home\\\/#organization\"},\"potentialAction\":[{\"@type\":\"SearchAction\",\"target\":{\"@type\":\"EntryPoint\",\"urlTemplate\":\"https:\\\/\\\/mozartcarclassics.com\\\/home\\\/?s={search_term_string}\"},\"query-input\":{\"@type\":\"PropertyValueSpecification\",\"valueRequired\":true,\"valueName\":\"search_term_string\"}}],\"inLanguage\":\"de\"},{\"@type\":\"Organization\",\"@id\":\"https:\\\/\\\/mozartcarclassics.com\\\/home\\\/#organization\",\"name\":\"Mozart Car Classics\",\"url\":\"https:\\\/\\\/mozartcarclassics.com\\\/home\\\/\",\"logo\":{\"@type\":\"ImageObject\",\"inLanguage\":\"de\",\"@id\":\"https:\\\/\\\/mozartcarclassics.com\\\/home\\\/#\\\/schema\\\/logo\\\/image\\\/\",\"url\":\"https:\\\/\\\/mozartcarclassics.com\\\/wp-content\\\/uploads\\\/2022\\\/04\\\/mozart_car_classics_icon.png\",\"contentUrl\":\"https:\\\/\\\/mozartcarclassics.com\\\/wp-content\\\/uploads\\\/2022\\\/04\\\/mozart_car_classics_icon.png\",\"width\":960,\"height\":960,\"caption\":\"Mozart Car Classics\"},\"image\":{\"@id\":\"https:\\\/\\\/mozartcarclassics.com\\\/home\\\/#\\\/schema\\\/logo\\\/image\\\/\"}}]}<\/script>\n<!-- \/ Yoast SEO plugin. -->","yoast_head_json":{"title":"Mercedes E-Klasse W210 Limousine Heckdeckel A2107500075 NOS - Mozart Car Classics","robots":{"index":"index","follow":"follow","max-snippet":"max-snippet:-1","max-image-preview":"max-image-preview:large","max-video-preview":"max-video-preview:-1"},"canonical":"https:\/\/mozartcarclassics.com\/home\/produkt\/a2107500075-heckdeckel-2\/","og_locale":"de_DE","og_type":"article","og_title":"Mercedes E-Klasse W210 Limousine Heckdeckel A2107500075 NOS - Mozart Car Classics","og_description":"Heckdeckel  Heckdeckel f\u00fcr W210 Limousine, Vormodellpflege  Original\u2011Teil aus alten Lagerbest\u00e4nden (NOS)  Dieses Teil stammt aus alten originalen Mercedes\u2011Benz Best\u00e4nden (New Old Stock) und ist unbenutzt, kann aber leichte Lagerspuren aufweisen. Die Oberfl\u00e4che ist mit einer d\u00fcnnen Schutz\u2011Lagerlackierung versehen, die zur Konservierung dient und bei Bedarf vor Einbau angeschliffen und \u00fcberlackiert werden sollte.  https:\/\/originalteile.mercedes-benz.de\/?search=A2107500075  Gerade f\u00fcr hochwertige Restaurationen sind NOS-Karosserieteile die beste Basis: Im Gegensatz zu gebrauchten Teilen mit unbekannter Vorgeschichte l\u00e4sst sich hier ein sauberer, von Grund auf neu aufgebauter Lackaufbau realisieren \u2013 beginnend mit Epoxyprimer, F\u00fcller und Decklack nach Wunsch. So wird nicht nur das Risiko versteckter Altsch\u00e4den minimiert, sondern auch ein dauerhaftes, wertstabileres Ergebnis erreicht. Gerne unterst\u00fctzen wir Sie bei der fachgerechten Vorbereitung, Lackierung und dem Einbau des Teils \u2013 sprechen Sie uns einfach an.  Kostenlose Abholung, Versand auf Anfrage. Bei Fragen einfach \u00fcber WhatsApp 0170-6293683 schreiben.","og_url":"https:\/\/mozartcarclassics.com\/home\/produkt\/a2107500075-heckdeckel-2\/","og_site_name":"Mozart Car Classics","article_modified_time":"2025-11-16T16:21:58+00:00","og_image":[{"width":1109,"height":694,"url":"https:\/\/mozartcarclassics.com\/wp-content\/uploads\/2025\/11\/A2107501175_HECKDECKEL_W210.jpeg","type":"image\/jpeg"}],"twitter_card":"summary_large_image","twitter_misc":{"Gesch\u00e4tzte Lesezeit":"1\u00a0Minute"},"schema":{"@context":"https:\/\/schema.org","@graph":[{"@type":"WebPage","@id":"https:\/\/mozartcarclassics.com\/home\/produkt\/a2107500075-heckdeckel-2\/","url":"https:\/\/mozartcarclassics.com\/home\/produkt\/a2107500075-heckdeckel-2\/","name":"Mercedes E-Klasse W210 Limousine Heckdeckel A2107500075 NOS - Mozart Car Classics","isPartOf":{"@id":"https:\/\/mozartcarclassics.com\/home\/#website"},"primaryImageOfPage":{"@id":"https:\/\/mozartcarclassics.com\/home\/produkt\/a2107500075-heckdeckel-2\/#primaryimage"},"image":{"@id":"https:\/\/mozartcarclassics.com\/home\/produkt\/a2107500075-heckdeckel-2\/#primaryimage"},"thumbnailUrl":"https:\/\/mozartcarclassics.com\/wp-content\/uploads\/2025\/11\/A2107501175_HECKDECKEL_W210.jpeg","datePublished":"2025-04-19T19:28:58+00:00","dateModified":"2025-11-16T16:21:58+00:00","breadcrumb":{"@id":"https:\/\/mozartcarclassics.com\/home\/produkt\/a2107500075-heckdeckel-2\/#breadcrumb"},"inLanguage":"de","potentialAction":[{"@type":"ReadAction","target":["https:\/\/mozartcarclassics.com\/home\/produkt\/a2107500075-heckdeckel-2\/"]}]},{"@type":"ImageObject","inLanguage":"de","@id":"https:\/\/mozartcarclassics.com\/home\/produkt\/a2107500075-heckdeckel-2\/#primaryimage","url":"https:\/\/mozartcarclassics.com\/wp-content\/uploads\/2025\/11\/A2107501175_HECKDECKEL_W210.jpeg","contentUrl":"https:\/\/mozartcarclassics.com\/wp-content\/uploads\/2025\/11\/A2107501175_HECKDECKEL_W210.jpeg","width":1109,"height":694,"caption":"Screenshot"},{"@type":"BreadcrumbList","@id":"https:\/\/mozartcarclassics.com\/home\/produkt\/a2107500075-heckdeckel-2\/#breadcrumb","itemListElement":[{"@type":"ListItem","position":1,"name":"Startseite","item":"https:\/\/mozartcarclassics.com\/home\/"},{"@type":"ListItem","position":2,"name":"Shop","item":"https:\/\/mozartcarclassics.com\/home\/shop\/"},{"@type":"ListItem","position":3,"name":"Mercedes E-Klasse W210 Limousine Heckdeckel A2107500075 NOS"}]},{"@type":"WebSite","@id":"https:\/\/mozartcarclassics.com\/home\/#website","url":"https:\/\/mozartcarclassics.com\/home\/","name":"Mozart Car Classics","description":"Mercedes Klassiker \u2022 Videos \u2022 Podcast \u2022 Trockeneis-Strahlen \u2022 Rostschutz \u2022 Ersatzteile","publisher":{"@id":"https:\/\/mozartcarclassics.com\/home\/#organization"},"potentialAction":[{"@type":"SearchAction","target":{"@type":"EntryPoint","urlTemplate":"https:\/\/mozartcarclassics.com\/home\/?s={search_term_string}"},"query-input":{"@type":"PropertyValueSpecification","valueRequired":true,"valueName":"search_term_string"}}],"inLanguage":"de"},{"@type":"Organization","@id":"https:\/\/mozartcarclassics.com\/home\/#organization","name":"Mozart Car Classics","url":"https:\/\/mozartcarclassics.com\/home\/","logo":{"@type":"ImageObject","inLanguage":"de","@id":"https:\/\/mozartcarclassics.com\/home\/#\/schema\/logo\/image\/","url":"https:\/\/mozartcarclassics.com\/wp-content\/uploads\/2022\/04\/mozart_car_classics_icon.png","contentUrl":"https:\/\/mozartcarclassics.com\/wp-content\/uploads\/2022\/04\/mozart_car_classics_icon.png","width":960,"height":960,"caption":"Mozart Car Classics"},"image":{"@id":"https:\/\/mozartcarclassics.com\/home\/#\/schema\/logo\/image\/"}}]}},"_links":{"self":[{"href":"https:\/\/mozartcarclassics.com\/home\/wp-json\/wp\/v2\/product\/1157","targetHints":{"allow":["GET"]}}],"collection":[{"href":"https:\/\/mozartcarclassics.com\/home\/wp-json\/wp\/v2\/product"}],"about":[{"href":"https:\/\/mozartcarclassics.com\/home\/wp-json\/wp\/v2\/types\/product"}],"version-history":[{"count":4,"href":"https:\/\/mozartcarclassics.com\/home\/wp-json\/wp\/v2\/product\/1157\/revisions"}],"predecessor-version":[{"id":1957,"href":"https:\/\/mozartcarclassics.com\/home\/wp-json\/wp\/v2\/product\/1157\/revisions\/1957"}],"wp:featuredmedia":[{"embeddable":true,"href":"https:\/\/mozartcarclassics.com\/home\/wp-json\/wp\/v2\/media\/1778"}],"wp:attachment":[{"href":"https:\/\/mozartcarclassics.com\/home\/wp-json\/wp\/v2\/media?parent=1157"}],"wp:term":[{"taxonomy":"product_brand","embeddable":true,"href":"https:\/\/mozartcarclassics.com\/home\/wp-json\/wp\/v2\/product_brand?post=1157"},{"taxonomy":"product_cat","embeddable":true,"href":"https:\/\/mozartcarclassics.com\/home\/wp-json\/wp\/v2\/product_cat?post=1157"},{"taxonomy":"product_tag","embeddable":true,"href":"https:\/\/mozartcarclassics.com\/home\/wp-json\/wp\/v2\/product_tag?post=1157"}],"curies":[{"name":"wp","href":"https:\/\/api.w.org\/{rel}","templated":true}]}}